{"id":6,"date":"2023-10-11T07:31:19","date_gmt":"2023-10-11T07:31:19","guid":{"rendered":"https:\/\/michael-moser.info\/?page_id=6"},"modified":"2023-12-18T08:58:36","modified_gmt":"2023-12-18T08:58:36","slug":"liebe-mitbuergerinnen-und-mitbuerger","status":"publish","type":"page","link":"https:\/\/michael-moser.info\/","title":{"rendered":"VIELEN HERZLICHEN DANK!"},"content":{"rendered":"\n<p>Liebe Seelbacher, Wittelbacher und Sch\u00f6nberger, <br>liebe Mitb\u00fcrgerinnen und Mitb\u00fcrger,<\/p>\n\n\n\n<p>vielen herzlichen Dank f\u00fcr das gro\u00dfartige Vertrauen, das Sie mir bei der Wahl am 17. Dezember ausgesprochen haben. Sehr gerne nehme ich das sch\u00f6ne Amt des B\u00fcrgermeisters f\u00fcr unsere Heimatgemeinde Seelbach und die damit verbundene Verantwortung an.\u00a0<\/p>\n\n\n\n<p>Ein besonderer Dank geht an meine liebe Frau Sarah, meine Familie und die vielen Freunde, die mich so wunderbar in den letzten Wochen unterst\u00fctzt haben. Ein gro\u00dfes Dankesch\u00f6n auch an Herrn Kohlmann f\u00fcr einen Wahlkampf, der zwar in den letzten Tagen turbulenter wurde, aber zwischen uns beiden immer fair war. Ich wei\u00df das sehr zu sch\u00e4tzen.\u00a0<\/p>\n\n\n\n<p>Ich m\u00f6chte in den kommenden Jahren auch das Vertrauen derjenigen gewinnen, die jetzt noch nicht von mir \u00fcberzeugt waren. Ich freue mich auf die kommenden Jahre und darauf, die vor uns liegenden gro\u00dfen Aufgaben gemeinsam mit der B\u00fcrgerschaft, der Verwaltung, dem Gemeinderat und den Ortschaftsr\u00e4ten anzugehen.<\/p>\n\n\n\n<p>Ich freue mich auf eine konstruktive Zusammenarbeit mit  allen Partnern in den Unternehmen, Vereinen, Kirchen und sonstigen Organisationen. Ich lade Sie herzlich dazu ein, unsere Gemeinde &#8211; unser Seelbach, Wittelbach und Sch\u00f6nberg &#8211; gemeinsam engagiert weiterzuentwickeln.<\/p>\n\n\n\n<p>Ich w\u00fcnsche uns allen ein sch\u00f6nes Fest, eine besinnliche verbleibende Weihnachtszeit und schon jetzt einen guten Start in ein erfolgreiches und gesundes 2024.<\/p>\n\n\n\n<p>Herzlichst, Ihr<\/p>\n\n\n\n<figure class=\"wp-block-image size-full is-resized\"><img decoding=\"async\" loading=\"lazy\" width=\"618\" height=\"194\" src=\"https:\/\/michael-moser.info\/wp-content\/uploads\/2023\/10\/image.png\" alt=\"\" class=\"wp-image-8\" style=\"width:245px;height:77px\" srcset=\"https:\/\/michael-moser.info\/wp-content\/uploads\/2023\/10\/image.png 618w, https:\/\/michael-moser.info\/wp-content\/uploads\/2023\/10\/image-300x94.png 300w\" sizes=\"(max-width: 618px) 100vw, 618px\" \/><\/figure>\n\n\n\n<div style=\"height:47px\" aria-hidden=\"true\" class=\"wp-block-spacer\"><\/div>\n\n\n<ul style=\"font-size:15px;\" class=\"wp-block-latest-posts__list has-dates alignleft wp-block-latest-posts\"><li><div class=\"wp-block-latest-posts__featured-image alignleft\"><a href=\"https:\/\/michael-moser.info\/?p=671\" aria-label=\"Letzter Bauernmarkt vor der Wahl\"><img loading=\"lazy\" width=\"200\" height=\"200\" src=\"https:\/\/michael-moser.info\/wp-content\/uploads\/2023\/12\/Bild-200x200.jpg\" class=\"attachment-thumbnail size-thumbnail wp-post-image\" alt=\"\" decoding=\"async\" style=\"\" srcset=\"https:\/\/michael-moser.info\/wp-content\/uploads\/2023\/12\/Bild-200x200.jpg 200w, https:\/\/michael-moser.info\/wp-content\/uploads\/2023\/12\/Bild-300x300.jpg 300w, https:\/\/michael-moser.info\/wp-content\/uploads\/2023\/12\/Bild-1024x1024.jpg 1024w, https:\/\/michael-moser.info\/wp-content\/uploads\/2023\/12\/Bild-768x768.jpg 768w, https:\/\/michael-moser.info\/wp-content\/uploads\/2023\/12\/Bild.jpg 1200w\" sizes=\"(max-width: 200px) 100vw, 200px\" \/><\/a><\/div><a class=\"wp-block-latest-posts__post-title\" href=\"https:\/\/michael-moser.info\/?p=671\">Letzter Bauernmarkt vor der Wahl<\/a><time datetime=\"2023-12-16T17:11:18+00:00\" class=\"wp-block-latest-posts__post-date\">16. Dezember 2023<\/time><div class=\"wp-block-latest-posts__post-excerpt\">Bei bestem Wetter waren heute wieder viele Mitb\u00fcrgerinnen und Mitb\u00fcrger an meinem Infostand zu Gast. Besonders erfreulich war, dass selbst einen Tag vor dem 2. Wahlgang nochmals neue Themen an mich herangetragen wurden. An dieser Stelle m\u00f6chte \u00a0\u2026 <a href=\"https:\/\/michael-moser.info\/?p=671\" rel=\"noopener noreferrer\">Weiterlesen<\/a><\/div><\/li>\n<li><div class=\"wp-block-latest-posts__featured-image alignleft\"><a href=\"https:\/\/michael-moser.info\/?p=667\" aria-label=\"Hausbesuche in Seelbach\"><img loading=\"lazy\" width=\"200\" height=\"200\" src=\"https:\/\/michael-moser.info\/wp-content\/uploads\/2023\/12\/Bild-5-2-200x200.jpeg\" class=\"attachment-thumbnail size-thumbnail wp-post-image\" alt=\"\" decoding=\"async\" style=\"\" \/><\/a><\/div><a class=\"wp-block-latest-posts__post-title\" href=\"https:\/\/michael-moser.info\/?p=667\">Hausbesuche in Seelbach<\/a><time datetime=\"2023-12-15T21:54:52+00:00\" class=\"wp-block-latest-posts__post-date\">15. Dezember 2023<\/time><div class=\"wp-block-latest-posts__post-excerpt\">Auch heute durfte ich im Rahmen meiner Hausbesuche wieder einige interessante Gespr\u00e4che f\u00fchren. Man sp\u00fcrt, dass der entscheidende Wahltag kurz bevor steht. Schon \u00f6fters ist es dabei vorgekommen, dass ich im Anschluss meiner Hausbesuche noch zum aufw\u00e4rmen \u00a0\u2026 <a href=\"https:\/\/michael-moser.info\/?p=667\" rel=\"noopener noreferrer\">Weiterlesen<\/a><\/div><\/li>\n<li><div class=\"wp-block-latest-posts__featured-image alignleft\"><a href=\"https:\/\/michael-moser.info\/?p=658\" aria-label=\"Schwarzw\u00e4lder Hof Seelbach\"><img loading=\"lazy\" width=\"200\" height=\"200\" src=\"https:\/\/michael-moser.info\/wp-content\/uploads\/2023\/12\/Bild-1-2-200x200.jpeg\" class=\"attachment-thumbnail size-thumbnail wp-post-image\" alt=\"\" decoding=\"async\" style=\"\" \/><\/a><\/div><a class=\"wp-block-latest-posts__post-title\" href=\"https:\/\/michael-moser.info\/?p=658\">Schwarzw\u00e4lder Hof Seelbach<\/a><time datetime=\"2023-12-15T12:27:08+00:00\" class=\"wp-block-latest-posts__post-date\">15. Dezember 2023<\/time><div class=\"wp-block-latest-posts__post-excerpt\">Im Anschluss an meine Hausbesuche, fand gestern meine letzte Abendveranstaltung des Wahlkampfs im Schwarzw\u00e4lder Hof in Seelbach statt. Erneut habe ich mich \u00fcber die Besucherzahl gefreut. Es ist sch\u00f6n, dass das Interesse an der Wahl nach wie \u00a0\u2026 <a href=\"https:\/\/michael-moser.info\/?p=658\" rel=\"noopener noreferrer\">Weiterlesen<\/a><\/div><\/li>\n<li><div class=\"wp-block-latest-posts__featured-image alignleft\"><a href=\"https:\/\/michael-moser.info\/?p=652\" aria-label=\"DANKE + Hausbesuche\"><img loading=\"lazy\" width=\"200\" height=\"200\" src=\"https:\/\/michael-moser.info\/wp-content\/uploads\/2023\/12\/Bild-3-2-e1702643324290-200x200.jpeg\" class=\"attachment-thumbnail size-thumbnail wp-post-image\" alt=\"\" decoding=\"async\" style=\"\" \/><\/a><\/div><a class=\"wp-block-latest-posts__post-title\" href=\"https:\/\/michael-moser.info\/?p=652\">DANKE + Hausbesuche<\/a><time datetime=\"2023-12-15T12:25:06+00:00\" class=\"wp-block-latest-posts__post-date\">15. Dezember 2023<\/time><div class=\"wp-block-latest-posts__post-excerpt\">Bevor es heute Abend wieder mit den Hausbesuchen weitergeht, bin ich tags\u00fcber nach wie vor beruflich f\u00fcr meinen Arbeitgeber aktiv &#8211; wenn auch aktuell mit etwas reduzierter Arbeitszeit. Ich m\u00f6chte die Gelegenheit nutzen und meinem Arbeitgeber f\u00fcr \u00a0\u2026 <a href=\"https:\/\/michael-moser.info\/?p=652\" rel=\"noopener noreferrer\">Weiterlesen<\/a><\/div><\/li>\n<\/ul>","protected":false},"excerpt":{"rendered":"<p>Liebe Seelbacher, Wittelbacher und Sch\u00f6nberger, liebe Mitb\u00fcrgerinnen und Mitb\u00fcrger, vielen herzlichen Dank f\u00fcr das gro\u00dfartige Vertrauen, das Sie mir bei der Wahl am 17. Dezember ausgesprochen haben. Sehr gerne nehme ich das sch\u00f6ne Amt des B\u00fcrgermeisters f\u00fcr unsere Heimatgemeinde Seelbach und die damit verbundene Verantwortung an.\u00a0 Ein besonderer Dank geht an meine liebe Frau Sarah, \u00a0\u2026 <a href=\"https:\/\/michael-moser.info\/\" rel=\"noopener noreferrer\">Weiterlesen<\/a><\/p>\n","protected":false},"author":1,"featured_media":0,"parent":0,"menu_order":0,"comment_status":"closed","ping_status":"closed","template":"","meta":{"footnotes":""},"_links":{"self":[{"href":"https:\/\/michael-moser.info\/index.php?rest_route=\/wp\/v2\/pages\/6"}],"collection":[{"href":"https:\/\/michael-moser.info\/index.php?rest_route=\/wp\/v2\/pages"}],"about":[{"href":"https:\/\/michael-moser.info\/index.php?rest_route=\/wp\/v2\/types\/page"}],"author":[{"embeddable":true,"href":"https:\/\/michael-moser.info\/index.php?rest_route=\/wp\/v2\/users\/1"}],"replies":[{"embeddable":true,"href":"https:\/\/michael-moser.info\/index.php?rest_route=%2Fwp%2Fv2%2Fcomments&post=6"}],"version-history":[{"count":48,"href":"https:\/\/michael-moser.info\/index.php?rest_route=\/wp\/v2\/pages\/6\/revisions"}],"predecessor-version":[{"id":691,"href":"https:\/\/michael-moser.info\/index.php?rest_route=\/wp\/v2\/pages\/6\/revisions\/691"}],"wp:attachment":[{"href":"https:\/\/michael-moser.info\/index.php?rest_route=%2Fwp%2Fv2%2Fmedia&parent=6"}],"curies":[{"name":"wp","href":"https:\/\/api.w.org\/{rel}","templated":true}]}}