{"id":15,"date":"2023-10-11T07:43:06","date_gmt":"2023-10-11T07:43:06","guid":{"rendered":"https:\/\/michael-moser.info\/?page_id=15"},"modified":"2023-12-07T16:41:04","modified_gmt":"2023-12-07T16:41:04","slug":"termine","status":"publish","type":"page","link":"https:\/\/michael-moser.info\/?page_id=15","title":{"rendered":"Termine"},"content":{"rendered":"\n<p>Gerne stehe ich Ihnen auch vor der entscheidenden Stichwahl am 17.12.2023 nochmals f\u00fcr Fragen und einen offenen Austausch zur Verf\u00fcgung:<\/p>\n\n\n\n<ul>\n<li>Sch\u00f6nberg 12.12.23, 20 Uhr \u2013 Gasthaus Bruckerhof<\/li>\n\n\n\n<li>Wittelbach 13.12.23, 20 Uhr \u2013 Gasthaus Krone<\/li>\n\n\n\n<li>Seelbach 14.12.23, 20 Uhr \u2013 Schwarzw\u00e4lder Hof<\/li>\n\n\n\n<li>und samstags auf dem Bauernmarkt<\/li>\n<\/ul>\n\n\n\n<p><\/p>\n\n\n\n<figure class=\"wp-block-image size-large\"><img decoding=\"async\" loading=\"lazy\" width=\"1024\" height=\"1024\" src=\"https:\/\/michael-moser.info\/wp-content\/uploads\/2023\/11\/image-7-1024x1024.png\" alt=\"\" class=\"wp-image-511\" srcset=\"https:\/\/michael-moser.info\/wp-content\/uploads\/2023\/11\/image-7-1024x1024.png 1024w, https:\/\/michael-moser.info\/wp-content\/uploads\/2023\/11\/image-7-300x300.png 300w, https:\/\/michael-moser.info\/wp-content\/uploads\/2023\/11\/image-7-200x200.png 200w, https:\/\/michael-moser.info\/wp-content\/uploads\/2023\/11\/image-7-768x768.png 768w, https:\/\/michael-moser.info\/wp-content\/uploads\/2023\/11\/image-7.png 1080w\" sizes=\"(max-width: 1024px) 100vw, 1024px\" \/><\/figure>\n\n\n\n<p>Unterwegs, um gemeinsam unsere Ideen f\u00fcr Seelbach zu sammeln:<\/p>\n\n\n\n<ul>\n<li><strong>14.10.2023, 8.30 bis 10.30 Uhr und jeden Samstag<\/strong> bis zur Wahl, Bauernmarkt, Seelbach <\/li>\n<\/ul>\n\n\n\n<p>Ortsrundg\u00e4nge und anschlie\u00dfende Diskussionsrunden:<\/p>\n\n\n\n<ul>\n<li><strong>21.10.2023, 16 Uhr<\/strong>, Wittelbach &#8211; Treffpunkt Rathaus, anschlie\u00dfend Gespr\u00e4ch im Gasthaus Krone (ca. 17 Uhr)<\/li>\n\n\n\n<li><strong>28.10.2023, 16 Uhr<\/strong>, Sch\u00f6nberg &#8211; Treffpunkt Feuerwehrhaus zu einem kurzen Spaziergang, Lokalit\u00e4t f\u00fcr ein anschlie\u00dfendes Gespr\u00e4ch wird noch gesucht<\/li>\n\n\n\n<li><strong>04.11.2023, 16 Uhr<\/strong>, Seelbach \u2013 Treffpunkt Klosterplatz am Brunnen, anschlie\u00dfend Gespr\u00e4ch in der Sportgastst\u00e4tte des FSV Seelbach (ca. 17 Uhr)<\/li>\n<\/ul>\n\n\n\n<p>Weitere Termine:<\/p>\n\n\n\n<ul>\n<li><strong>13.11.2023<\/strong> Offizielle Kandidatenvorstellung der Gemeinde Seelbach<\/li>\n<\/ul>\n\n\n\n<p><\/p>\n\n\n\n<figure class=\"wp-block-image size-large\"><img decoding=\"async\" loading=\"lazy\" width=\"1024\" height=\"315\" src=\"https:\/\/michael-moser.info\/wp-content\/uploads\/2023\/10\/ilu9-1024x315.jpg\" alt=\"\" class=\"wp-image-80\" srcset=\"https:\/\/michael-moser.info\/wp-content\/uploads\/2023\/10\/ilu9-1024x315.jpg 1024w, https:\/\/michael-moser.info\/wp-content\/uploads\/2023\/10\/ilu9-300x92.jpg 300w, https:\/\/michael-moser.info\/wp-content\/uploads\/2023\/10\/ilu9-768x236.jpg 768w, https:\/\/michael-moser.info\/wp-content\/uploads\/2023\/10\/ilu9.jpg 1284w\" sizes=\"(max-width: 1024px) 100vw, 1024px\" \/><\/figure>\n","protected":false},"excerpt":{"rendered":"<p>Gerne stehe ich Ihnen auch vor der entscheidenden Stichwahl am 17.12.2023 nochmals f\u00fcr Fragen und einen offenen Austausch zur Verf\u00fcgung: Unterwegs, um gemeinsam unsere Ideen f\u00fcr Seelbach zu sammeln: Ortsrundg\u00e4nge und anschlie\u00dfende Diskussionsrunden: Weitere Termine:<\/p>\n","protected":false},"author":1,"featured_media":0,"parent":0,"menu_order":0,"comment_status":"closed","ping_status":"closed","template":"","meta":{"footnotes":""},"_links":{"self":[{"href":"https:\/\/michael-moser.info\/index.php?rest_route=\/wp\/v2\/pages\/15"}],"collection":[{"href":"https:\/\/michael-moser.info\/index.php?rest_route=\/wp\/v2\/pages"}],"about":[{"href":"https:\/\/michael-moser.info\/index.php?rest_route=\/wp\/v2\/types\/page"}],"author":[{"embeddable":true,"href":"https:\/\/michael-moser.info\/index.php?rest_route=\/wp\/v2\/users\/1"}],"replies":[{"embeddable":true,"href":"https:\/\/michael-moser.info\/index.php?rest_route=%2Fwp%2Fv2%2Fcomments&post=15"}],"version-history":[{"count":8,"href":"https:\/\/michael-moser.info\/index.php?rest_route=\/wp\/v2\/pages\/15\/revisions"}],"predecessor-version":[{"id":567,"href":"https:\/\/michael-moser.info\/index.php?rest_route=\/wp\/v2\/pages\/15\/revisions\/567"}],"wp:attachment":[{"href":"https:\/\/michael-moser.info\/index.php?rest_route=%2Fwp%2Fv2%2Fmedia&parent=15"}],"curies":[{"name":"wp","href":"https:\/\/api.w.org\/{rel}","templated":true}]}}